{"id":891,"date":"2014-02-14T10:58:33","date_gmt":"2014-02-14T08:58:33","guid":{"rendered":"http:\/\/bockholmensealodge.se\/?page_id=891"},"modified":"2016-10-05T21:24:20","modified_gmt":"2016-10-05T19:24:20","slug":"unterkunfte-2","status":"publish","type":"page","link":"https:\/\/bockholmensealodge.se\/de\/unterkunfte-2\/","title":{"rendered":"Unterk\u00fcnfte"},"content":{"rendered":"<h2>Bedingungen\u00a0BOCKHOLMEN SEA LODGE<\/h2>\n<h2><a href=\"https:\/\/bockholmensealodge.se\/wp-content\/uploads\/2014\/04\/IMG_3709-e1397557450512.jpg\"><img loading=\"lazy\" decoding=\"async\" class=\"alignright\" src=\"https:\/\/bockholmensealodge.se\/wp-content\/uploads\/2014\/04\/IMG_3709-e1397557450512.jpg\" alt=\"Livboj Bleket Hamn\" width=\"158\" height=\"137\" \/><\/a><\/h2>\n<p>* Dieser Gast erh\u00e4lt eine schriftliche Best\u00e4tigung\/Rechnung zum Zeitpunkt der Buchung auf dem E -Mail.<\/p>\n<p>* Passagekod bei Ankunft angek\u00fcndigt.<\/p>\n<p>* \u00dcberpr\u00fcfen Sie das Haus ab 15,00 Anreisetag bis 11.00 am Tag der Abreise bin soweit nicht anders vereinbart .<\/p>\n<p>*\u00a0<span lang=\"de\">Reinigung, b<\/span>ettw\u00e4sche und Handt\u00fccher sind nicht inklusive.<\/p>\n<h3>Sobald die Buchung best\u00e4tigt ist ?<\/h3>\n<p>Der Mietvertrag wird verbindlich, sobald der Buchungsbest\u00e4tigung und Anmeldegeb\u00fchr (oder die ganze Miete ) gezahlt wird.<\/p>\n<h3>Zahlungsbedingungen:<\/h3>\n<p>Buchung fr\u00fcher als 60 Tage vor Anreise werden 20% des Gesamtbetrags der Anmeldegeb\u00fchr erhoben werden, ist der verbleibende Restbetrag 30 Tage vor Anreise.<\/p>\n<p>Buchung mehr als 30 Tage vor Anreise wird die volle Miete f\u00e4llig 10 Tage vor Ankunft sp\u00e4testens vor dem Anreisedatum.<\/p>\n<p>Die Teilnahmegeb\u00fchr f\u00e4llig 10 Tage nach der wir die Best\u00e4tigung\/Rechnung per E-Mail gegeben gesendet.<\/p>\n<h3>Stornierungen:<\/h3>\n<p>Stornierung mehr als 30 Tage vor dem Anreisedatum betr\u00e4gt 20 % des gebuchten Betrag .<\/p>\n<p>Storniert oder ge\u00e4ndert Buchung sp\u00e4ter als 30 Tage vor Anreise wird 100 % der Buchung in Rechnung gestellt.<\/p>\n<h3>Was sind meine Rechte ?<\/h3>\n<p>Wenn der Vermieter nicht zu Wohnraum in der versprochenen Zustand und zum richtigen Zeitpunkt zu stellen dann haben Sie das Recht den Mietvertrag zu k\u00fcndigen. Anstatt den Mietvertrag zu k\u00fcndigen k\u00f6nnen Sie eine Mietminderung. Es gibt Beschwerden schriftlich an uns so bald wie m\u00f6glich vorzugsweise innerhalb von 3 Tagen vom Eingangsdatum. Fehler die w\u00e4hrend Ihres Aufenthalts auftreten sollten unverz\u00fcglich benachrichtigt werden damit der Vermieter kann sie innerhalb von 24 Stunden zu beheben.<\/p>\n<h3>Welche Pflichten habe ich ?<\/h3>\n<p>Mieter ( der Gast ) m\u00fcssen sch\u00e4tzen das Haus und die Regeln, Anweisungen und Vorschriften. Der Gast ist verantwortlich f\u00fcr alle Sch\u00e4den an der Immobilie und ihrer Inhalte durch den Gast oder den Gast Firma Fahrl\u00e4ssigkeit. G\u00e4ste k\u00f6nnen das Haus nicht f\u00fcr etwas anderes als das was bei der Buchung (in der Regel Erholung) vereinbart und der Gast muss nicht mehr Personen in der Haus zu bleiben als das was bei der Buchung angegeben. Der Gast muss richtig sauber vor der Abreise.\u00a0Wenn die Reinigung vernachl\u00e4ssigt wird hat der Vermieter das Recht ein \u00a3 2.000 Reinigungsgeb\u00fchr berechnen.<\/p>\n<h3>Haustiere<\/h3>\n<p>Haustiere sind nicht erlaubt.<\/p>\n<h3>Rauchen<\/h3>\n<p>Rauchen ist nicht drinnen gestattet.<\/p>\n","protected":false},"excerpt":{"rendered":"<p>Bedingungen\u00a0BOCKHOLMEN SEA LODGE * Dieser Gast erh\u00e4lt eine schriftliche Best\u00e4tigung\/Rechnung zum Zeitpunkt der Buchung auf dem E -Mail. * Passagekod bei Ankunft angek\u00fcndigt. * \u00dcberpr\u00fcfen Sie das Haus ab 15,00 Anreisetag bis 11.00 am Tag der Abreise bin soweit nicht anders vereinbart . *\u00a0Reinigung, bettw\u00e4sche und Handt\u00fccher sind nicht inklusive. Sobald die Buchung best\u00e4tigt ist&#8230; <\/p>\n<div class=\"clear\"><\/div>\n<p><a href=\"https:\/\/bockholmensealodge.se\/de\/unterkunfte-2\/\" class=\"excerpt-read-more\">Continue Reading<i class=\"fa fa-long-arrow-right icon-long-arrow-right\"><\/i><\/a><\/p>\n","protected":false},"author":3,"featured_media":0,"parent":0,"menu_order":0,"comment_status":"closed","ping_status":"open","template":"","meta":{"footnotes":""},"class_list":["post-891","page","type-page","status-publish","hentry"],"yoast_head":"<!-- This site is optimized with the Yoast SEO plugin v27.6 - https:\/\/yoast.com\/product\/yoast-seo-wordpress\/ -->\n<title>Unterk\u00fcnfte - BOCKHOLMEN SEA LODGE<\/title>\n<meta name=\"description\" content=\"Read our terms and conditions before booking.\" \/>\n<meta name=\"robots\" content=\"index, follow, max-snippet:-1, max-image-preview:large, max-video-preview:-1\" \/>\n<link rel=\"canonical\" href=\"https:\/\/bockholmensealodge.se\/de\/unterkunfte-2\/\" \/>\n<meta property=\"og:locale\" content=\"de_DE\" \/>\n<meta property=\"og:type\" content=\"article\" \/>\n<meta property=\"og:title\" content=\"Unterk\u00fcnfte - BOCKHOLMEN SEA LODGE\" \/>\n<meta property=\"og:description\" content=\"Read our terms and conditions before booking.\" \/>\n<meta property=\"og:url\" content=\"https:\/\/bockholmensealodge.se\/de\/unterkunfte-2\/\" \/>\n<meta property=\"og:site_name\" content=\"BOCKHOLMEN SEA LODGE\" \/>\n<meta property=\"article:modified_time\" content=\"2016-10-05T19:24:20+00:00\" \/>\n<meta property=\"og:image\" content=\"https:\/\/bockholmensealodge.se\/wp-content\/uploads\/2014\/04\/IMG_3709-e1397557450512.jpg\" \/>\n<meta name=\"twitter:label1\" content=\"Gesch\u00e4tzte Lesezeit\" \/>\n\t<meta name=\"twitter:data1\" content=\"2 minutes\" \/>\n<script type=\"application\/ld+json\" class=\"yoast-schema-graph\">{\"@context\":\"https:\\\/\\\/schema.org\",\"@graph\":[{\"@type\":\"WebPage\",\"@id\":\"https:\\\/\\\/bockholmensealodge.se\\\/de\\\/unterkunfte-2\\\/\",\"url\":\"https:\\\/\\\/bockholmensealodge.se\\\/de\\\/unterkunfte-2\\\/\",\"name\":\"Unterk\u00fcnfte - BOCKHOLMEN SEA LODGE\",\"isPartOf\":{\"@id\":\"https:\\\/\\\/bockholmensealodge.se\\\/de\\\/#website\"},\"primaryImageOfPage\":{\"@id\":\"https:\\\/\\\/bockholmensealodge.se\\\/de\\\/unterkunfte-2\\\/#primaryimage\"},\"image\":{\"@id\":\"https:\\\/\\\/bockholmensealodge.se\\\/de\\\/unterkunfte-2\\\/#primaryimage\"},\"thumbnailUrl\":\"https:\\\/\\\/bockholmensealodge.se\\\/wp-content\\\/uploads\\\/2014\\\/04\\\/IMG_3709-e1397557450512.jpg\",\"datePublished\":\"2014-02-14T08:58:33+00:00\",\"dateModified\":\"2016-10-05T19:24:20+00:00\",\"description\":\"Read our terms and conditions before booking.\",\"breadcrumb\":{\"@id\":\"https:\\\/\\\/bockholmensealodge.se\\\/de\\\/unterkunfte-2\\\/#breadcrumb\"},\"inLanguage\":\"de-DE\",\"potentialAction\":[{\"@type\":\"ReadAction\",\"target\":[\"https:\\\/\\\/bockholmensealodge.se\\\/de\\\/unterkunfte-2\\\/\"]}]},{\"@type\":\"ImageObject\",\"inLanguage\":\"de-DE\",\"@id\":\"https:\\\/\\\/bockholmensealodge.se\\\/de\\\/unterkunfte-2\\\/#primaryimage\",\"url\":\"https:\\\/\\\/bockholmensealodge.se\\\/wp-content\\\/uploads\\\/2014\\\/04\\\/IMG_3709-e1397557450512.jpg\",\"contentUrl\":\"https:\\\/\\\/bockholmensealodge.se\\\/wp-content\\\/uploads\\\/2014\\\/04\\\/IMG_3709-e1397557450512.jpg\"},{\"@type\":\"BreadcrumbList\",\"@id\":\"https:\\\/\\\/bockholmensealodge.se\\\/de\\\/unterkunfte-2\\\/#breadcrumb\",\"itemListElement\":[{\"@type\":\"ListItem\",\"position\":1,\"name\":\"Hem\",\"item\":\"https:\\\/\\\/bockholmensealodge.se\\\/de\\\/\"},{\"@type\":\"ListItem\",\"position\":2,\"name\":\"Unterk\u00fcnfte\"}]},{\"@type\":\"WebSite\",\"@id\":\"https:\\\/\\\/bockholmensealodge.se\\\/de\\\/#website\",\"url\":\"https:\\\/\\\/bockholmensealodge.se\\\/de\\\/\",\"name\":\"BOCKHOLMEN SEA LODGE\",\"description\":\"\",\"potentialAction\":[{\"@type\":\"SearchAction\",\"target\":{\"@type\":\"EntryPoint\",\"urlTemplate\":\"https:\\\/\\\/bockholmensealodge.se\\\/de\\\/?s={search_term_string}\"},\"query-input\":{\"@type\":\"PropertyValueSpecification\",\"valueRequired\":true,\"valueName\":\"search_term_string\"}}],\"inLanguage\":\"de-DE\"}]}<\/script>\n<!-- \/ Yoast SEO plugin. -->","yoast_head_json":{"title":"Unterk\u00fcnfte - BOCKHOLMEN SEA LODGE","description":"Read our terms and conditions before booking.","robots":{"index":"index","follow":"follow","max-snippet":"max-snippet:-1","max-image-preview":"max-image-preview:large","max-video-preview":"max-video-preview:-1"},"canonical":"https:\/\/bockholmensealodge.se\/de\/unterkunfte-2\/","og_locale":"de_DE","og_type":"article","og_title":"Unterk\u00fcnfte - BOCKHOLMEN SEA LODGE","og_description":"Read our terms and conditions before booking.","og_url":"https:\/\/bockholmensealodge.se\/de\/unterkunfte-2\/","og_site_name":"BOCKHOLMEN SEA LODGE","article_modified_time":"2016-10-05T19:24:20+00:00","og_image":[{"url":"https:\/\/bockholmensealodge.se\/wp-content\/uploads\/2014\/04\/IMG_3709-e1397557450512.jpg","type":"","width":"","height":""}],"twitter_misc":{"Gesch\u00e4tzte Lesezeit":"2 minutes"},"schema":{"@context":"https:\/\/schema.org","@graph":[{"@type":"WebPage","@id":"https:\/\/bockholmensealodge.se\/de\/unterkunfte-2\/","url":"https:\/\/bockholmensealodge.se\/de\/unterkunfte-2\/","name":"Unterk\u00fcnfte - BOCKHOLMEN SEA LODGE","isPartOf":{"@id":"https:\/\/bockholmensealodge.se\/de\/#website"},"primaryImageOfPage":{"@id":"https:\/\/bockholmensealodge.se\/de\/unterkunfte-2\/#primaryimage"},"image":{"@id":"https:\/\/bockholmensealodge.se\/de\/unterkunfte-2\/#primaryimage"},"thumbnailUrl":"https:\/\/bockholmensealodge.se\/wp-content\/uploads\/2014\/04\/IMG_3709-e1397557450512.jpg","datePublished":"2014-02-14T08:58:33+00:00","dateModified":"2016-10-05T19:24:20+00:00","description":"Read our terms and conditions before booking.","breadcrumb":{"@id":"https:\/\/bockholmensealodge.se\/de\/unterkunfte-2\/#breadcrumb"},"inLanguage":"de-DE","potentialAction":[{"@type":"ReadAction","target":["https:\/\/bockholmensealodge.se\/de\/unterkunfte-2\/"]}]},{"@type":"ImageObject","inLanguage":"de-DE","@id":"https:\/\/bockholmensealodge.se\/de\/unterkunfte-2\/#primaryimage","url":"https:\/\/bockholmensealodge.se\/wp-content\/uploads\/2014\/04\/IMG_3709-e1397557450512.jpg","contentUrl":"https:\/\/bockholmensealodge.se\/wp-content\/uploads\/2014\/04\/IMG_3709-e1397557450512.jpg"},{"@type":"BreadcrumbList","@id":"https:\/\/bockholmensealodge.se\/de\/unterkunfte-2\/#breadcrumb","itemListElement":[{"@type":"ListItem","position":1,"name":"Hem","item":"https:\/\/bockholmensealodge.se\/de\/"},{"@type":"ListItem","position":2,"name":"Unterk\u00fcnfte"}]},{"@type":"WebSite","@id":"https:\/\/bockholmensealodge.se\/de\/#website","url":"https:\/\/bockholmensealodge.se\/de\/","name":"BOCKHOLMEN SEA LODGE","description":"","potentialAction":[{"@type":"SearchAction","target":{"@type":"EntryPoint","urlTemplate":"https:\/\/bockholmensealodge.se\/de\/?s={search_term_string}"},"query-input":{"@type":"PropertyValueSpecification","valueRequired":true,"valueName":"search_term_string"}}],"inLanguage":"de-DE"}]}},"_links":{"self":[{"href":"https:\/\/bockholmensealodge.se\/de\/wp-json\/wp\/v2\/pages\/891","targetHints":{"allow":["GET"]}}],"collection":[{"href":"https:\/\/bockholmensealodge.se\/de\/wp-json\/wp\/v2\/pages"}],"about":[{"href":"https:\/\/bockholmensealodge.se\/de\/wp-json\/wp\/v2\/types\/page"}],"author":[{"embeddable":true,"href":"https:\/\/bockholmensealodge.se\/de\/wp-json\/wp\/v2\/users\/3"}],"replies":[{"embeddable":true,"href":"https:\/\/bockholmensealodge.se\/de\/wp-json\/wp\/v2\/comments?post=891"}],"version-history":[{"count":3,"href":"https:\/\/bockholmensealodge.se\/de\/wp-json\/wp\/v2\/pages\/891\/revisions"}],"predecessor-version":[{"id":2303,"href":"https:\/\/bockholmensealodge.se\/de\/wp-json\/wp\/v2\/pages\/891\/revisions\/2303"}],"wp:attachment":[{"href":"https:\/\/bockholmensealodge.se\/de\/wp-json\/wp\/v2\/media?parent=891"}],"curies":[{"name":"wp","href":"https:\/\/api.w.org\/{rel}","templated":true}]}}