{"id":518,"date":"2013-12-04T13:30:52","date_gmt":"2013-12-04T11:30:52","guid":{"rendered":"http:\/\/bockholmensealodge.se\/?page_id=518"},"modified":"2024-07-16T13:20:08","modified_gmt":"2024-07-16T11:20:08","slug":"bedingungen","status":"publish","type":"page","link":"https:\/\/bockholmensealodge.se\/de\/bedingungen\/","title":{"rendered":"Bedingungen"},"content":{"rendered":"<h1>BOCKHOLMEN SEA LODGE<\/h1>\n<h1>Wir vermieten unsere Architekt entworfen Ferienwohnung an der Westk\u00fcste!<\/h1>\n<div class=\"gdlr-shortcode-wrapper gdlr-row-shortcode\">\n<div class=\"six columns\"><div class=\"gdlr-item gdlr-column-shortcode\"><p>Auf BOCKHOLMEN SEA LODGE k\u00f6nnen Sie Ihren Tag starten mit einem erfrischenden Bad von unserem Badeleiter an den Klippen. Die Aussicht ist zauberhaft mit Booten direkt vor dem Haus!<\/p>\n<p>N\u00e4her am Meer, k\u00f6nnen Sie nicht bekommen. Hier k\u00f6nnen Sie entspannen, um loszuwerden, und zeigen neue Energie. Unabh\u00e4ngig von der Jahreszeit, k\u00f6nnen Sie die sch\u00f6ne Landschaft von Bohusl\u00e4n genie\u00dfen.<\/p>\n<p>In der N\u00e4he sind mehrere sch\u00f6ne Buchten, Supermarkt und Restaurants. In der N\u00e4he von G\u00f6teborg, etwa 60 Minuten mit dem Auto.<\/p>\n<p>Diese neu gebaute SEA LODGE und die ausgezeichnete Lage am Kl\u00e4desholmen on Tj\u00f6rn vor Ort erlebt werden, herzlich willkommen!<\/p>\n<\/div><\/div>\n<div class=\"six columns\"><div class=\"gdlr-item gdlr-column-shortcode\"><p><a href=\"https:\/\/bockholmensealodge.se\/wp-content\/uploads\/2024\/07\/hus-AAA-scaled.jpg\"><img loading=\"lazy\" decoding=\"async\" class=\"alignnone wp-image-4630 size-full\" src=\"https:\/\/bockholmensealodge.se\/wp-content\/uploads\/2024\/07\/hus-AAA-scaled.jpg\" alt=\"\" width=\"2560\" height=\"2016\" srcset=\"https:\/\/bockholmensealodge.se\/wp-content\/uploads\/2024\/07\/hus-AAA-scaled.jpg 2560w, https:\/\/bockholmensealodge.se\/wp-content\/uploads\/2024\/07\/hus-AAA-300x236.jpg 300w, https:\/\/bockholmensealodge.se\/wp-content\/uploads\/2024\/07\/hus-AAA-1024x806.jpg 1024w, https:\/\/bockholmensealodge.se\/wp-content\/uploads\/2024\/07\/hus-AAA-768x605.jpg 768w, https:\/\/bockholmensealodge.se\/wp-content\/uploads\/2024\/07\/hus-AAA-125x98.jpg 125w, https:\/\/bockholmensealodge.se\/wp-content\/uploads\/2024\/07\/hus-AAA-75x59.jpg 75w, https:\/\/bockholmensealodge.se\/wp-content\/uploads\/2024\/07\/hus-AAA-1536x1210.jpg 1536w, https:\/\/bockholmensealodge.se\/wp-content\/uploads\/2024\/07\/hus-AAA-2048x1613.jpg 2048w\" sizes=\"auto, (max-width: 2560px) 100vw, 2560px\" \/><\/a><\/p>\n<\/div><\/div>\n<div class=\"clear\"><\/div><\/div>\n<h2>Der Planung<\/h2>\n<p>Der offene Grundriss mit Geb\u00e4uden im Profil mit der M\u00f6glichkeit zu er\u00f6ffnen alle W\u00e4nde mit Blick auf das Meer l\u00e4dt zur Natur. Die K\u00fcche ist gro\u00dfz\u00fcgig und ist komplett ausgestattet mit K\u00fchlschrank \/ Gefrierschrank, Geschirrsp\u00fcler, Backofen, Mikrowelle und Waschmaschine ausgestattet. Auf beiden Seiten der K\u00fcche \/ Wohnzimmer verf\u00fcgt \u00fcber zwei gro\u00dfe Schlafzimmer mit Platz f\u00fcr je 4 Personen.\u00a0Doppelzimmer und gro\u00dfz\u00fcgige Etagenbetten. Von allen Zimmern haben Sie Meerblick.<\/p>\n<p>Wohnzimmer: Es gibt eine Sitzecke vor Herd und Esstisch mit Platz f\u00fcr 8 Personen. Eine verglaste Schiebet\u00fcr Partei f\u00fchrt Sie zu dem gro\u00dfen Terrasse, die um das ganze Haus geht. Hier ist der Blick auf das Meer und Bootfahren erstaunlich. Genie\u00dfen Sie den westlichen Meer, die Boote und den Sonnenuntergang.<\/p>\n<p>Das Badezimmer ist mit Fu\u00dfbodenheizung, Dusche, WC und Waschbecken ausgestattet.<\/p>\n<p>Eine gro\u00dfe Terrasse, die um das ganze Haus geht. Hier kann die Sonne von Sonnenaufgang bis Sonnenuntergang genossen werden! V\u00f6llig ungest\u00f6rt sitzen und siehe, die Schifffahrt und Marine-Farben f\u00fcr das Wetter und die Jahreszeiten.<\/p>\n<div id=\"jig1\" class=\"justified-image-grid jig-79ca3c9b2b0201e25c9c1d730dbf393a jig-preset-global jig-source-wp-gallery\"><div class=\"jig-clearfix\"><\/div><noscript id=\"jig1-html\" class=\"justified-image-grid-html\" data-lazy-src=\"skiplazyload\" data-src=\"skipunveillazyload\"><ul><li><a href=\"https:\/\/bockholmensealodge.se\/wp-content\/uploads\/2013\/08\/Rumsindelning-1024x477.jpg\"><img loading=\"lazy\" decoding=\"async\" src=\"https:\/\/bockholmensealodge.se\/wp-content\/uploads\/2013\/08\/Rumsindelning-1024x477.jpg\" alt=\"Rumsindelning\" width=\"493\" height=\"230\" \/><\/a><p class=\"jig-HTMLdescription\">Rumsindelning<\/p><\/li><li><a href=\"https:\/\/bockholmensealodge.se\/wp-content\/uploads\/2024\/07\/Vardagsrum-1024x768.jpg\"><img loading=\"lazy\" decoding=\"async\" src=\"https:\/\/bockholmensealodge.se\/wp-content\/uploads\/2024\/07\/Vardagsrum-1024x768.jpg\" alt=\"Vardagsrum\" width=\"306\" height=\"230\" \/><\/a><p class=\"jig-HTMLdescription\">Vardagsrum<\/p><\/li><li><a href=\"https:\/\/bockholmensealodge.se\/wp-content\/uploads\/2024\/07\/Soffa-1024x861.jpg\"><img loading=\"lazy\" decoding=\"async\" src=\"https:\/\/bockholmensealodge.se\/wp-content\/uploads\/2024\/07\/Soffa-1024x861.jpg\" alt=\"Soffa\" width=\"273\" height=\"230\" \/><\/a><p class=\"jig-HTMLdescription\">Soffa<\/p><\/li><li><a href=\"https:\/\/bockholmensealodge.se\/wp-content\/uploads\/2024\/07\/Matbord-2-768x1024.jpg\"><img loading=\"lazy\" decoding=\"async\" src=\"https:\/\/bockholmensealodge.se\/wp-content\/uploads\/2024\/07\/Matbord-2-768x1024.jpg\" alt=\"Matbord 2\" width=\"172\" height=\"230\" \/><\/a><p class=\"jig-HTMLdescription\">Matbord 2<\/p><\/li><li><a href=\"https:\/\/bockholmensealodge.se\/wp-content\/uploads\/2024\/07\/Kok-1024x768.jpg\"><img loading=\"lazy\" decoding=\"async\" src=\"https:\/\/bockholmensealodge.se\/wp-content\/uploads\/2024\/07\/Kok-1024x768.jpg\" alt=\"Ko\u0308k\" width=\"306\" height=\"230\" \/><\/a><p class=\"jig-HTMLdescription\">Ko\u0308k<\/p><\/li><li><a href=\"https:\/\/bockholmensealodge.se\/wp-content\/uploads\/2021\/07\/IMG_7908-768x1024.jpeg\"><img loading=\"lazy\" decoding=\"async\" src=\"https:\/\/bockholmensealodge.se\/wp-content\/uploads\/2021\/07\/IMG_7908-768x1024.jpeg\" alt=\"IMG_7908\" width=\"172\" height=\"230\" \/><\/a><p class=\"jig-HTMLdescription\">IMG_7908<\/p><\/li><li><a href=\"https:\/\/bockholmensealodge.se\/wp-content\/uploads\/2021\/07\/IMG_7914-768x1024.jpeg\"><img loading=\"lazy\" decoding=\"async\" src=\"https:\/\/bockholmensealodge.se\/wp-content\/uploads\/2021\/07\/IMG_7914-768x1024.jpeg\" alt=\"IMG_7914\" width=\"172\" height=\"230\" \/><\/a><p class=\"jig-HTMLdescription\">IMG_7914<\/p><\/li><li><a href=\"https:\/\/bockholmensealodge.se\/wp-content\/uploads\/2021\/07\/IMG_7911-768x1024.jpeg\"><img loading=\"lazy\" decoding=\"async\" src=\"https:\/\/bockholmensealodge.se\/wp-content\/uploads\/2021\/07\/IMG_7911-768x1024.jpeg\" alt=\"IMG_7911\" width=\"172\" height=\"230\" \/><\/a><p class=\"jig-HTMLdescription\">IMG_7911<\/p><\/li><li><a href=\"https:\/\/bockholmensealodge.se\/wp-content\/uploads\/2024\/07\/Hus-baksida-1024x768.jpg\"><img loading=\"lazy\" decoding=\"async\" src=\"https:\/\/bockholmensealodge.se\/wp-content\/uploads\/2024\/07\/Hus-baksida-1024x768.jpg\" alt=\"Hus baksida\" width=\"306\" height=\"230\" \/><\/a><p class=\"jig-HTMLdescription\">Hus baksida<\/p><\/li><li><a href=\"https:\/\/bockholmensealodge.se\/wp-content\/uploads\/2024\/07\/hus-1-768x1024.jpg\"><img loading=\"lazy\" decoding=\"async\" src=\"https:\/\/bockholmensealodge.se\/wp-content\/uploads\/2024\/07\/hus-1-768x1024.jpg\" alt=\"hus 1\" width=\"172\" height=\"230\" \/><\/a><p class=\"jig-HTMLdescription\">hus 1<\/p><\/li><li><a href=\"https:\/\/bockholmensealodge.se\/wp-content\/uploads\/2024\/07\/Flagga-768x1024.jpg\"><img loading=\"lazy\" decoding=\"async\" src=\"https:\/\/bockholmensealodge.se\/wp-content\/uploads\/2024\/07\/Flagga-768x1024.jpg\" alt=\"Flagga\" width=\"172\" height=\"230\" \/><\/a><p class=\"jig-HTMLdescription\">Flagga<\/p><\/li><li><a href=\"https:\/\/bockholmensealodge.se\/wp-content\/uploads\/2024\/07\/utsikt-1024x768.jpg\"><img loading=\"lazy\" decoding=\"async\" src=\"https:\/\/bockholmensealodge.se\/wp-content\/uploads\/2024\/07\/utsikt-1024x768.jpg\" alt=\"utsikt\" width=\"306\" height=\"230\" \/><\/a><p class=\"jig-HTMLdescription\">utsikt<\/p><\/li><li><a href=\"https:\/\/bockholmensealodge.se\/wp-content\/uploads\/2024\/07\/kvall-768x1024.jpg\"><img loading=\"lazy\" decoding=\"async\" src=\"https:\/\/bockholmensealodge.se\/wp-content\/uploads\/2024\/07\/kvall-768x1024.jpg\" alt=\"kva\u0308ll\" width=\"172\" height=\"230\" \/><\/a><p class=\"jig-HTMLdescription\">kva\u0308ll<\/p><\/li><li><a href=\"https:\/\/bockholmensealodge.se\/wp-content\/uploads\/2024\/07\/Hus-2-768x1024.jpg\"><img loading=\"lazy\" decoding=\"async\" src=\"https:\/\/bockholmensealodge.se\/wp-content\/uploads\/2024\/07\/Hus-2-768x1024.jpg\" alt=\"Hus 2\" width=\"172\" height=\"230\" \/><\/a><p class=\"jig-HTMLdescription\">Hus 2<\/p><\/li><li><a href=\"https:\/\/bockholmensealodge.se\/wp-content\/uploads\/2024\/07\/Utemobler-1024x768.jpg\"><img loading=\"lazy\" decoding=\"async\" src=\"https:\/\/bockholmensealodge.se\/wp-content\/uploads\/2024\/07\/Utemobler-1024x768.jpg\" alt=\"Utemo\u0308bler\" width=\"306\" height=\"230\" \/><\/a><p class=\"jig-HTMLdescription\">Utemo\u0308bler<\/p><\/li><li><a href=\"https:\/\/bockholmensealodge.se\/wp-content\/uploads\/2024\/07\/Weber-1024x768.jpg\"><img loading=\"lazy\" decoding=\"async\" src=\"https:\/\/bockholmensealodge.se\/wp-content\/uploads\/2024\/07\/Weber-1024x768.jpg\" alt=\"Weber\" width=\"306\" height=\"230\" \/><\/a><p class=\"jig-HTMLdescription\">Weber<\/p><\/li><li><a href=\"https:\/\/bockholmensealodge.se\/wp-content\/uploads\/2016\/02\/2015-06-12-23.29.27-1024x768.jpg\"><img loading=\"lazy\" decoding=\"async\" src=\"https:\/\/bockholmensealodge.se\/wp-content\/uploads\/2016\/02\/2015-06-12-23.29.27-1024x768.jpg\" alt=\"2015-06-12 23.29.27\" width=\"306\" height=\"230\" \/><\/a><p class=\"jig-HTMLdescription\">2015-06-12 23.29.27<\/p><\/li><li><a href=\"https:\/\/bockholmensealodge.se\/wp-content\/uploads\/2014\/05\/IMG_4087-1024x768.jpg\"><img loading=\"lazy\" decoding=\"async\" src=\"https:\/\/bockholmensealodge.se\/wp-content\/uploads\/2014\/05\/IMG_4087-1024x768.jpg\" alt=\"IMG_4087\" width=\"306\" height=\"230\" \/><\/a><p class=\"jig-HTMLdescription\">IMG_4087<\/p><\/li><li><a href=\"https:\/\/bockholmensealodge.se\/wp-content\/uploads\/2014\/06\/IMG_00481-1024x768.jpg\"><img loading=\"lazy\" decoding=\"async\" src=\"https:\/\/bockholmensealodge.se\/wp-content\/uploads\/2014\/06\/IMG_00481-1024x768.jpg\" alt=\"IMG_0048\" width=\"306\" height=\"230\" \/><\/a><p class=\"jig-HTMLdescription\">IMG_0048<\/p><\/li><li><a href=\"https:\/\/bockholmensealodge.se\/wp-content\/uploads\/2016\/02\/IMG_7964-e1456164573415-1024x426.jpeg\"><img loading=\"lazy\" decoding=\"async\" src=\"https:\/\/bockholmensealodge.se\/wp-content\/uploads\/2016\/02\/IMG_7964-e1456164573415-1024x426.jpeg\" alt=\"IMG_7964\" width=\"552\" height=\"230\" \/><\/a><p class=\"jig-HTMLdescription\">IMG_7964<\/p><\/li><li><a href=\"https:\/\/bockholmensealodge.se\/wp-content\/uploads\/2013\/08\/Bleket-hamnbodar-1024x768.jpg\"><img loading=\"lazy\" decoding=\"async\" src=\"https:\/\/bockholmensealodge.se\/wp-content\/uploads\/2013\/08\/Bleket-hamnbodar-1024x768.jpg\" alt=\"Bleket sj\u00f6bodar\" width=\"306\" height=\"230\" \/><\/a><p class=\"jig-HTMLdescription\">Bleket sj\u00f6bodar<\/p><\/li><\/ul><\/noscript><\/div>\n<h2>Terrasse und Sauna<\/h2>\n<p>Ein extra Haus mit Luxus-Sauna, Ruhe, Au\u00dfendusche und eine gro\u00dfe Terrasse Deck!<\/p>\n<div id=\"jig2\" class=\"justified-image-grid jig-ebea90e4939aa1664868fdd58f579dfd jig-preset-global jig-source-wp-gallery\"><div class=\"jig-clearfix\"><\/div><noscript id=\"jig2-html\" class=\"justified-image-grid-html\" data-lazy-src=\"skiplazyload\" data-src=\"skipunveillazyload\"><ul><li><a href=\"https:\/\/bockholmensealodge.se\/wp-content\/uploads\/2024\/07\/Bastuhus-3-1024x768.jpg\"><img loading=\"lazy\" decoding=\"async\" src=\"https:\/\/bockholmensealodge.se\/wp-content\/uploads\/2024\/07\/Bastuhus-3-1024x768.jpg\" alt=\"Bastuhus 3\" width=\"306\" height=\"230\" \/><\/a><p class=\"jig-HTMLdescription\">Bastuhus 3<\/p><\/li><li><a href=\"https:\/\/bockholmensealodge.se\/wp-content\/uploads\/2024\/07\/Bastuhus-4-768x1024.jpg\"><img loading=\"lazy\" decoding=\"async\" src=\"https:\/\/bockholmensealodge.se\/wp-content\/uploads\/2024\/07\/Bastuhus-4-768x1024.jpg\" alt=\"Bastuhus 4\" width=\"172\" height=\"230\" \/><\/a><p class=\"jig-HTMLdescription\">Bastuhus 4<\/p><\/li><li><a href=\"https:\/\/bockholmensealodge.se\/wp-content\/uploads\/2016\/02\/IMG_8770-1024x768.jpg\"><img loading=\"lazy\" decoding=\"async\" src=\"https:\/\/bockholmensealodge.se\/wp-content\/uploads\/2016\/02\/IMG_8770-1024x768.jpg\" alt=\"IMG_8770\" width=\"306\" height=\"230\" \/><\/a><p class=\"jig-HTMLdescription\">IMG_8770<\/p><\/li><li><a href=\"https:\/\/bockholmensealodge.se\/wp-content\/uploads\/2024\/07\/Bastu-1-845x1024.jpg\"><img loading=\"lazy\" decoding=\"async\" src=\"https:\/\/bockholmensealodge.se\/wp-content\/uploads\/2024\/07\/Bastu-1-845x1024.jpg\" alt=\"Bastu 1\" width=\"189\" height=\"230\" \/><\/a><p class=\"jig-HTMLdescription\">Bastu 1<\/p><\/li><li><a href=\"https:\/\/bockholmensealodge.se\/wp-content\/uploads\/2024\/07\/Bastu-2-1024x959.jpg\"><img loading=\"lazy\" decoding=\"async\" src=\"https:\/\/bockholmensealodge.se\/wp-content\/uploads\/2024\/07\/Bastu-2-1024x959.jpg\" alt=\"Bastu 2\" width=\"245\" height=\"230\" \/><\/a><p class=\"jig-HTMLdescription\">Bastu 2<\/p><\/li><li><a href=\"https:\/\/bockholmensealodge.se\/wp-content\/uploads\/2018\/11\/0TcwCaRT6O74zJr6grjWw-1024x768.jpg\"><img loading=\"lazy\" decoding=\"async\" src=\"https:\/\/bockholmensealodge.se\/wp-content\/uploads\/2018\/11\/0TcwCaRT6O74zJr6grjWw-1024x768.jpg\" alt=\"0TcwCaRT6O74zJr6grjWw\" width=\"306\" height=\"230\" \/><\/a><p class=\"jig-HTMLdescription\">0TcwCaRT6O74zJr6grjWw<\/p><\/li><li><a href=\"https:\/\/bockholmensealodge.se\/wp-content\/uploads\/2024\/07\/Hink-768x1024.jpg\"><img loading=\"lazy\" decoding=\"async\" src=\"https:\/\/bockholmensealodge.se\/wp-content\/uploads\/2024\/07\/Hink-768x1024.jpg\" alt=\"Hink\" width=\"172\" height=\"230\" \/><\/a><p class=\"jig-HTMLdescription\">Hink<\/p><\/li><li><a href=\"https:\/\/bockholmensealodge.se\/wp-content\/uploads\/2024\/07\/Relax-3-1024x768.jpg\"><img loading=\"lazy\" decoding=\"async\" src=\"https:\/\/bockholmensealodge.se\/wp-content\/uploads\/2024\/07\/Relax-3-1024x768.jpg\" alt=\"Relax 3\" width=\"306\" height=\"230\" \/><\/a><p class=\"jig-HTMLdescription\">Relax 3<\/p><\/li><li><a href=\"https:\/\/bockholmensealodge.se\/wp-content\/uploads\/2024\/07\/Relax-4-1024x768.jpg\"><img loading=\"lazy\" decoding=\"async\" src=\"https:\/\/bockholmensealodge.se\/wp-content\/uploads\/2024\/07\/Relax-4-1024x768.jpg\" alt=\"Relax 4\" width=\"306\" height=\"230\" \/><\/a><p class=\"jig-HTMLdescription\">Relax 4<\/p><\/li><li><a href=\"https:\/\/bockholmensealodge.se\/wp-content\/uploads\/2024\/07\/Relax-5-768x1024.jpg\"><img loading=\"lazy\" decoding=\"async\" src=\"https:\/\/bockholmensealodge.se\/wp-content\/uploads\/2024\/07\/Relax-5-768x1024.jpg\" alt=\"Relax 5\" width=\"172\" height=\"230\" \/><\/a><p class=\"jig-HTMLdescription\">Relax 5<\/p><\/li><\/ul><\/noscript><\/div>\n<h2>Parkplatz<\/h2>\n<p>Ein gro\u00dfer Parkplatz f\u00fcr zwei gro\u00dfe Fahrzeuge ist neben dem Eingang.<\/p>\n<h2>Koordinaten<\/h2>\n<p>RT90: 6432986, Y: 1248880<\/p>\n<p>WGS84: N 57\u00b0 57&#8242; 0&#8243;Lon E 11\u00b0 33&#8242; 45&#8243;<\/p>\n<p>Decimal: 57.9501, 11.5627<\/p>\n<h1><a href=\"https:\/\/bockholmensealodge.se\/wp-content\/uploads\/2013\/08\/Map-Bockholmen.png\" target=\"_blank\" rel=\"attachment wp-att-2024 noopener\"><img loading=\"lazy\" decoding=\"async\" class=\"alignnone wp-image-2024 \" src=\"https:\/\/bockholmensealodge.se\/wp-content\/uploads\/2013\/08\/Map-Bockholmen.png\" alt=\"Map Bockholmen\" width=\"471\" height=\"256\" srcset=\"https:\/\/bockholmensealodge.se\/wp-content\/uploads\/2013\/08\/Map-Bockholmen.png 543w, https:\/\/bockholmensealodge.se\/wp-content\/uploads\/2013\/08\/Map-Bockholmen-300x163.png 300w\" sizes=\"auto, (max-width: 471px) 100vw, 471px\" \/><\/a><a href=\"https:\/\/bockholmensealodge.se\/wp-content\/uploads\/2013\/08\/Route-to-Gothenburg-1.png\" target=\"_blank\" rel=\"attachment wp-att-2033 noopener\"><img loading=\"lazy\" decoding=\"async\" class=\"alignnone wp-image-2033\" src=\"https:\/\/bockholmensealodge.se\/wp-content\/uploads\/2013\/08\/Route-to-Gothenburg-1.png\" alt=\"Route to Gothenburg\" width=\"419\" height=\"256\" srcset=\"https:\/\/bockholmensealodge.se\/wp-content\/uploads\/2013\/08\/Route-to-Gothenburg-1.png 976w, https:\/\/bockholmensealodge.se\/wp-content\/uploads\/2013\/08\/Route-to-Gothenburg-1-300x184.png 300w, https:\/\/bockholmensealodge.se\/wp-content\/uploads\/2013\/08\/Route-to-Gothenburg-1-768x470.png 768w, https:\/\/bockholmensealodge.se\/wp-content\/uploads\/2013\/08\/Route-to-Gothenburg-1-930x569.png 930w\" sizes=\"auto, (max-width: 419px) 100vw, 419px\" \/><\/a><\/h1>\n<h2>Adresse<\/h2>\n<h3>BOCKHOLMEN SEA LODGE, Sillsalteriv\u00e4gen 2, 471 96 Bleket, Tj\u00f6rn<\/h3>\n<h2><\/h2>\n","protected":false},"excerpt":{"rendered":"<p>BOCKHOLMEN SEA LODGE Wir vermieten unsere Architekt entworfen Ferienwohnung an der Westk\u00fcste! Der Planung Der offene Grundriss mit Geb\u00e4uden im Profil mit der M\u00f6glichkeit zu er\u00f6ffnen alle W\u00e4nde mit Blick auf das Meer l\u00e4dt zur Natur. Die K\u00fcche ist gro\u00dfz\u00fcgig und ist komplett ausgestattet mit K\u00fchlschrank \/ Gefrierschrank, Geschirrsp\u00fcler, Backofen, Mikrowelle und Waschmaschine ausgestattet. Auf&#8230; <\/p>\n<div class=\"clear\"><\/div>\n<p><a href=\"https:\/\/bockholmensealodge.se\/de\/bedingungen\/\" class=\"excerpt-read-more\">Continue Reading<i class=\"fa fa-long-arrow-right icon-long-arrow-right\"><\/i><\/a><\/p>\n","protected":false},"author":3,"featured_media":0,"parent":0,"menu_order":0,"comment_status":"closed","ping_status":"closed","template":"","meta":{"footnotes":""},"class_list":["post-518","page","type-page","status-publish","hentry"],"yoast_head":"<!-- This site is optimized with the Yoast SEO plugin v27.5 - https:\/\/yoast.com\/product\/yoast-seo-wordpress\/ -->\n<title>Bedingungen - BOCKHOLMEN SEA LODGE<\/title>\n<meta name=\"robots\" content=\"index, follow, max-snippet:-1, max-image-preview:large, max-video-preview:-1\" \/>\n<link rel=\"canonical\" href=\"https:\/\/bockholmensealodge.se\/de\/bedingungen\/\" \/>\n<meta property=\"og:locale\" content=\"de_DE\" \/>\n<meta property=\"og:type\" content=\"article\" \/>\n<meta property=\"og:title\" content=\"Bedingungen - BOCKHOLMEN SEA LODGE\" \/>\n<meta property=\"og:description\" content=\"BOCKHOLMEN SEA LODGE Wir vermieten unsere Architekt entworfen Ferienwohnung an der Westk\u00fcste! Der Planung Der offene Grundriss mit Geb\u00e4uden im Profil mit der M\u00f6glichkeit zu er\u00f6ffnen alle W\u00e4nde mit Blick auf das Meer l\u00e4dt zur Natur. Die K\u00fcche ist gro\u00dfz\u00fcgig und ist komplett ausgestattet mit K\u00fchlschrank \/ Gefrierschrank, Geschirrsp\u00fcler, Backofen, Mikrowelle und Waschmaschine ausgestattet. Auf... Continue Reading\" \/>\n<meta property=\"og:url\" content=\"https:\/\/bockholmensealodge.se\/de\/bedingungen\/\" \/>\n<meta property=\"og:site_name\" content=\"BOCKHOLMEN SEA LODGE\" \/>\n<meta property=\"article:modified_time\" content=\"2024-07-16T11:20:08+00:00\" \/>\n<meta property=\"og:image\" content=\"https:\/\/bockholmensealodge.se\/wp-content\/uploads\/2024\/07\/hus-AAA-scaled.jpg\" \/>\n<meta name=\"twitter:label1\" content=\"Gesch\u00e4tzte Lesezeit\" \/>\n\t<meta name=\"twitter:data1\" content=\"3 minutes\" \/>\n<script type=\"application\/ld+json\" class=\"yoast-schema-graph\">{\"@context\":\"https:\\\/\\\/schema.org\",\"@graph\":[{\"@type\":\"WebPage\",\"@id\":\"https:\\\/\\\/bockholmensealodge.se\\\/de\\\/bedingungen\\\/\",\"url\":\"https:\\\/\\\/bockholmensealodge.se\\\/de\\\/bedingungen\\\/\",\"name\":\"Bedingungen - BOCKHOLMEN SEA LODGE\",\"isPartOf\":{\"@id\":\"https:\\\/\\\/bockholmensealodge.se\\\/de\\\/#website\"},\"primaryImageOfPage\":{\"@id\":\"https:\\\/\\\/bockholmensealodge.se\\\/de\\\/bedingungen\\\/#primaryimage\"},\"image\":{\"@id\":\"https:\\\/\\\/bockholmensealodge.se\\\/de\\\/bedingungen\\\/#primaryimage\"},\"thumbnailUrl\":\"https:\\\/\\\/bockholmensealodge.se\\\/wp-content\\\/uploads\\\/2024\\\/07\\\/hus-AAA-scaled.jpg\",\"datePublished\":\"2013-12-04T11:30:52+00:00\",\"dateModified\":\"2024-07-16T11:20:08+00:00\",\"breadcrumb\":{\"@id\":\"https:\\\/\\\/bockholmensealodge.se\\\/de\\\/bedingungen\\\/#breadcrumb\"},\"inLanguage\":\"de-DE\",\"potentialAction\":[{\"@type\":\"ReadAction\",\"target\":[\"https:\\\/\\\/bockholmensealodge.se\\\/de\\\/bedingungen\\\/\"]}]},{\"@type\":\"ImageObject\",\"inLanguage\":\"de-DE\",\"@id\":\"https:\\\/\\\/bockholmensealodge.se\\\/de\\\/bedingungen\\\/#primaryimage\",\"url\":\"https:\\\/\\\/bockholmensealodge.se\\\/wp-content\\\/uploads\\\/2024\\\/07\\\/hus-AAA-scaled.jpg\",\"contentUrl\":\"https:\\\/\\\/bockholmensealodge.se\\\/wp-content\\\/uploads\\\/2024\\\/07\\\/hus-AAA-scaled.jpg\"},{\"@type\":\"BreadcrumbList\",\"@id\":\"https:\\\/\\\/bockholmensealodge.se\\\/de\\\/bedingungen\\\/#breadcrumb\",\"itemListElement\":[{\"@type\":\"ListItem\",\"position\":1,\"name\":\"Hem\",\"item\":\"https:\\\/\\\/bockholmensealodge.se\\\/de\\\/\"},{\"@type\":\"ListItem\",\"position\":2,\"name\":\"Bedingungen\"}]},{\"@type\":\"WebSite\",\"@id\":\"https:\\\/\\\/bockholmensealodge.se\\\/de\\\/#website\",\"url\":\"https:\\\/\\\/bockholmensealodge.se\\\/de\\\/\",\"name\":\"BOCKHOLMEN SEA LODGE\",\"description\":\"\",\"potentialAction\":[{\"@type\":\"SearchAction\",\"target\":{\"@type\":\"EntryPoint\",\"urlTemplate\":\"https:\\\/\\\/bockholmensealodge.se\\\/de\\\/?s={search_term_string}\"},\"query-input\":{\"@type\":\"PropertyValueSpecification\",\"valueRequired\":true,\"valueName\":\"search_term_string\"}}],\"inLanguage\":\"de-DE\"}]}<\/script>\n<!-- \/ Yoast SEO plugin. -->","yoast_head_json":{"title":"Bedingungen - BOCKHOLMEN SEA LODGE","robots":{"index":"index","follow":"follow","max-snippet":"max-snippet:-1","max-image-preview":"max-image-preview:large","max-video-preview":"max-video-preview:-1"},"canonical":"https:\/\/bockholmensealodge.se\/de\/bedingungen\/","og_locale":"de_DE","og_type":"article","og_title":"Bedingungen - BOCKHOLMEN SEA LODGE","og_description":"BOCKHOLMEN SEA LODGE Wir vermieten unsere Architekt entworfen Ferienwohnung an der Westk\u00fcste! Der Planung Der offene Grundriss mit Geb\u00e4uden im Profil mit der M\u00f6glichkeit zu er\u00f6ffnen alle W\u00e4nde mit Blick auf das Meer l\u00e4dt zur Natur. Die K\u00fcche ist gro\u00dfz\u00fcgig und ist komplett ausgestattet mit K\u00fchlschrank \/ Gefrierschrank, Geschirrsp\u00fcler, Backofen, Mikrowelle und Waschmaschine ausgestattet. Auf... Continue Reading","og_url":"https:\/\/bockholmensealodge.se\/de\/bedingungen\/","og_site_name":"BOCKHOLMEN SEA LODGE","article_modified_time":"2024-07-16T11:20:08+00:00","og_image":[{"url":"https:\/\/bockholmensealodge.se\/wp-content\/uploads\/2024\/07\/hus-AAA-scaled.jpg","type":"","width":"","height":""}],"twitter_misc":{"Gesch\u00e4tzte Lesezeit":"3 minutes"},"schema":{"@context":"https:\/\/schema.org","@graph":[{"@type":"WebPage","@id":"https:\/\/bockholmensealodge.se\/de\/bedingungen\/","url":"https:\/\/bockholmensealodge.se\/de\/bedingungen\/","name":"Bedingungen - BOCKHOLMEN SEA LODGE","isPartOf":{"@id":"https:\/\/bockholmensealodge.se\/de\/#website"},"primaryImageOfPage":{"@id":"https:\/\/bockholmensealodge.se\/de\/bedingungen\/#primaryimage"},"image":{"@id":"https:\/\/bockholmensealodge.se\/de\/bedingungen\/#primaryimage"},"thumbnailUrl":"https:\/\/bockholmensealodge.se\/wp-content\/uploads\/2024\/07\/hus-AAA-scaled.jpg","datePublished":"2013-12-04T11:30:52+00:00","dateModified":"2024-07-16T11:20:08+00:00","breadcrumb":{"@id":"https:\/\/bockholmensealodge.se\/de\/bedingungen\/#breadcrumb"},"inLanguage":"de-DE","potentialAction":[{"@type":"ReadAction","target":["https:\/\/bockholmensealodge.se\/de\/bedingungen\/"]}]},{"@type":"ImageObject","inLanguage":"de-DE","@id":"https:\/\/bockholmensealodge.se\/de\/bedingungen\/#primaryimage","url":"https:\/\/bockholmensealodge.se\/wp-content\/uploads\/2024\/07\/hus-AAA-scaled.jpg","contentUrl":"https:\/\/bockholmensealodge.se\/wp-content\/uploads\/2024\/07\/hus-AAA-scaled.jpg"},{"@type":"BreadcrumbList","@id":"https:\/\/bockholmensealodge.se\/de\/bedingungen\/#breadcrumb","itemListElement":[{"@type":"ListItem","position":1,"name":"Hem","item":"https:\/\/bockholmensealodge.se\/de\/"},{"@type":"ListItem","position":2,"name":"Bedingungen"}]},{"@type":"WebSite","@id":"https:\/\/bockholmensealodge.se\/de\/#website","url":"https:\/\/bockholmensealodge.se\/de\/","name":"BOCKHOLMEN SEA LODGE","description":"","potentialAction":[{"@type":"SearchAction","target":{"@type":"EntryPoint","urlTemplate":"https:\/\/bockholmensealodge.se\/de\/?s={search_term_string}"},"query-input":{"@type":"PropertyValueSpecification","valueRequired":true,"valueName":"search_term_string"}}],"inLanguage":"de-DE"}]}},"_links":{"self":[{"href":"https:\/\/bockholmensealodge.se\/de\/wp-json\/wp\/v2\/pages\/518","targetHints":{"allow":["GET"]}}],"collection":[{"href":"https:\/\/bockholmensealodge.se\/de\/wp-json\/wp\/v2\/pages"}],"about":[{"href":"https:\/\/bockholmensealodge.se\/de\/wp-json\/wp\/v2\/types\/page"}],"author":[{"embeddable":true,"href":"https:\/\/bockholmensealodge.se\/de\/wp-json\/wp\/v2\/users\/3"}],"replies":[{"embeddable":true,"href":"https:\/\/bockholmensealodge.se\/de\/wp-json\/wp\/v2\/comments?post=518"}],"version-history":[{"count":10,"href":"https:\/\/bockholmensealodge.se\/de\/wp-json\/wp\/v2\/pages\/518\/revisions"}],"predecessor-version":[{"id":4633,"href":"https:\/\/bockholmensealodge.se\/de\/wp-json\/wp\/v2\/pages\/518\/revisions\/4633"}],"wp:attachment":[{"href":"https:\/\/bockholmensealodge.se\/de\/wp-json\/wp\/v2\/media?parent=518"}],"curies":[{"name":"wp","href":"https:\/\/api.w.org\/{rel}","templated":true}]}}