{"id":500,"date":"2013-12-04T13:24:49","date_gmt":"2013-12-04T11:24:49","guid":{"rendered":"http:\/\/bockholmensealodge.se\/?page_id=500"},"modified":"2022-09-12T16:27:11","modified_gmt":"2022-09-12T14:27:11","slug":"preise","status":"publish","type":"page","link":"https:\/\/bockholmensealodge.se\/de\/preise\/","title":{"rendered":"Preise"},"content":{"rendered":"<div class=\"gdlr-shortcode-wrapper gdlr-row-shortcode\">\n<div class=\"four-fifth columns\"><div class=\"gdlr-item gdlr-column-shortcode\"><h2>Preise<\/h2>\n<h3>SEK 2 900 pro Nacht*<\/h3>\n<p><strong>*Maximal 5 G\u00e4ste, zus\u00e4tzliche G\u00e4ste erh\u00f6hen den Preis um SEK 750 pro Nacht.<\/strong><\/p>\n<p><a href=\"https:\/\/bockholmensealodge.se\/wp-content\/uploads\/2014\/07\/Framsida2.png\"><img loading=\"lazy\" decoding=\"async\" class=\"alignnone size-full wp-image-1427\" src=\"https:\/\/bockholmensealodge.se\/wp-content\/uploads\/2014\/07\/Framsida2.png\" alt=\"\" width=\"890\" height=\"400\" srcset=\"https:\/\/bockholmensealodge.se\/wp-content\/uploads\/2014\/07\/Framsida2.png 890w, https:\/\/bockholmensealodge.se\/wp-content\/uploads\/2014\/07\/Framsida2-300x134.png 300w\" sizes=\"auto, (max-width: 890px) 100vw, 890px\" \/><\/a><\/p>\n<\/div><\/div>\n<div class=\"one-fifth column\"><div class=\"gdlr-item gdlr-column-shortcode\"><h1><img loading=\"lazy\" decoding=\"async\" class=\"alignright\" src=\"https:\/\/encrypted-tbn2.gstatic.com\/images?q=tbn:ANd9GcT-QKN_KsTBffxQwzWRvjfWnx3bpL1YOmleh1r4tdrKcoN4SM_CNA\" alt=\"\" width=\"155\" height=\"62\" \/><\/h1>\n<\/div><\/div>\n<div class=\"clear\"><\/div><\/div>\n<h3>Sobald die Buchung best\u00e4tigt ist?<\/h3>\n<div>\n<p>Der Mietvertrag wird verbindlich, sobald der Buchungsbest\u00e4tigung und Anmeldegeb\u00fchr (oder die ganze Miete) gezahlt wird.<\/p>\n<h3>Zahlungsbedingungen:<\/h3>\n<p>Buchung fr\u00fcher als 60 Tage vor Anreise werden 20% des Gesamtbetrags der Anmeldegeb\u00fchr erhoben werden, ist der verbleibende Restbetrag 30 Tage vor Anreise.<br \/>\nBuchung mehr als 30 Tage vor Anreise wird die volle Miete f\u00e4llig 10 Tage vor Ankunft sp\u00e4testens vor dem Anreisedatum.<br \/>\nDie Teilnahmegeb\u00fchr f\u00e4llig 10 Tage nach der wir die Best\u00e4tigung \/ Rechnung per E-Mail gegeben gesendet.\u00a0Wir bieten sichere Kreditkartenzahlungen mit <a title=\"PayPal\" href=\"http:\/\/www.paypal.com\/de\/webapps\/mpp\/privatkunden\" target=\"_blank\" rel=\"noopener\">PayPal<\/a>.<\/p>\n<h3>Stornierungen:<\/h3>\n<p>Stornierung mehr als 30 Tage vor dem Anreisedatum betr\u00e4gt 20% des gebuchten Betrag.<br \/>\nStorniert oder ge\u00e4ndert Buchung sp\u00e4ter als 30 Tage vor Anreise wird 100% der Buchung in Rechnung gestellt.<\/p>\n<\/div>\n","protected":false},"excerpt":{"rendered":"<p>Sobald die Buchung best\u00e4tigt ist? Der Mietvertrag wird verbindlich, sobald der Buchungsbest\u00e4tigung und Anmeldegeb\u00fchr (oder die ganze Miete) gezahlt wird. Zahlungsbedingungen: Buchung fr\u00fcher als 60 Tage vor Anreise werden 20% des Gesamtbetrags der Anmeldegeb\u00fchr erhoben werden, ist der verbleibende Restbetrag 30 Tage vor Anreise. Buchung mehr als 30 Tage vor Anreise wird die volle Miete&#8230; <\/p>\n<div class=\"clear\"><\/div>\n<p><a href=\"https:\/\/bockholmensealodge.se\/de\/preise\/\" class=\"excerpt-read-more\">Continue Reading<i class=\"fa fa-long-arrow-right icon-long-arrow-right\"><\/i><\/a><\/p>\n","protected":false},"author":3,"featured_media":0,"parent":0,"menu_order":0,"comment_status":"closed","ping_status":"open","template":"","meta":{"footnotes":""},"class_list":["post-500","page","type-page","status-publish","hentry"],"yoast_head":"<!-- This site is optimized with the Yoast SEO plugin v27.6 - https:\/\/yoast.com\/product\/yoast-seo-wordpress\/ -->\n<title>Our prices at BOCKHOLMEN SEA LODGE<\/title>\n<meta name=\"description\" content=\"See our rates for weekly- and weekend rent and lobster fishing. Contact us if you have any questions.\" \/>\n<meta name=\"robots\" content=\"index, follow, max-snippet:-1, max-image-preview:large, max-video-preview:-1\" \/>\n<link rel=\"canonical\" href=\"https:\/\/bockholmensealodge.se\/de\/preise\/\" \/>\n<meta property=\"og:locale\" content=\"de_DE\" \/>\n<meta property=\"og:type\" content=\"article\" \/>\n<meta property=\"og:title\" content=\"Our prices at BOCKHOLMEN SEA LODGE\" \/>\n<meta property=\"og:description\" content=\"See our rates for weekly- and weekend rent and lobster fishing. Contact us if you have any questions.\" \/>\n<meta property=\"og:url\" content=\"https:\/\/bockholmensealodge.se\/de\/preise\/\" \/>\n<meta property=\"og:site_name\" content=\"BOCKHOLMEN SEA LODGE\" \/>\n<meta property=\"article:modified_time\" content=\"2022-09-12T14:27:11+00:00\" \/>\n<meta property=\"og:image\" content=\"https:\/\/bockholmensealodge.se\/wp-content\/uploads\/2014\/07\/Framsida2.png\" \/>\n<meta name=\"twitter:label1\" content=\"Gesch\u00e4tzte Lesezeit\" \/>\n\t<meta name=\"twitter:data1\" content=\"2 minutes\" \/>\n<script type=\"application\/ld+json\" class=\"yoast-schema-graph\">{\"@context\":\"https:\\\/\\\/schema.org\",\"@graph\":[{\"@type\":\"WebPage\",\"@id\":\"https:\\\/\\\/bockholmensealodge.se\\\/de\\\/preise\\\/\",\"url\":\"https:\\\/\\\/bockholmensealodge.se\\\/de\\\/preise\\\/\",\"name\":\"Our prices at BOCKHOLMEN SEA LODGE\",\"isPartOf\":{\"@id\":\"https:\\\/\\\/bockholmensealodge.se\\\/de\\\/#website\"},\"primaryImageOfPage\":{\"@id\":\"https:\\\/\\\/bockholmensealodge.se\\\/de\\\/preise\\\/#primaryimage\"},\"image\":{\"@id\":\"https:\\\/\\\/bockholmensealodge.se\\\/de\\\/preise\\\/#primaryimage\"},\"thumbnailUrl\":\"https:\\\/\\\/bockholmensealodge.se\\\/wp-content\\\/uploads\\\/2014\\\/07\\\/Framsida2.png\",\"datePublished\":\"2013-12-04T11:24:49+00:00\",\"dateModified\":\"2022-09-12T14:27:11+00:00\",\"description\":\"See our rates for weekly- and weekend rent and lobster fishing. Contact us if you have any questions.\",\"breadcrumb\":{\"@id\":\"https:\\\/\\\/bockholmensealodge.se\\\/de\\\/preise\\\/#breadcrumb\"},\"inLanguage\":\"de-DE\",\"potentialAction\":[{\"@type\":\"ReadAction\",\"target\":[\"https:\\\/\\\/bockholmensealodge.se\\\/de\\\/preise\\\/\"]}]},{\"@type\":\"ImageObject\",\"inLanguage\":\"de-DE\",\"@id\":\"https:\\\/\\\/bockholmensealodge.se\\\/de\\\/preise\\\/#primaryimage\",\"url\":\"https:\\\/\\\/bockholmensealodge.se\\\/wp-content\\\/uploads\\\/2014\\\/07\\\/Framsida2.png\",\"contentUrl\":\"https:\\\/\\\/bockholmensealodge.se\\\/wp-content\\\/uploads\\\/2014\\\/07\\\/Framsida2.png\"},{\"@type\":\"BreadcrumbList\",\"@id\":\"https:\\\/\\\/bockholmensealodge.se\\\/de\\\/preise\\\/#breadcrumb\",\"itemListElement\":[{\"@type\":\"ListItem\",\"position\":1,\"name\":\"Hem\",\"item\":\"https:\\\/\\\/bockholmensealodge.se\\\/de\\\/\"},{\"@type\":\"ListItem\",\"position\":2,\"name\":\"Preise\"}]},{\"@type\":\"WebSite\",\"@id\":\"https:\\\/\\\/bockholmensealodge.se\\\/de\\\/#website\",\"url\":\"https:\\\/\\\/bockholmensealodge.se\\\/de\\\/\",\"name\":\"BOCKHOLMEN SEA LODGE\",\"description\":\"\",\"potentialAction\":[{\"@type\":\"SearchAction\",\"target\":{\"@type\":\"EntryPoint\",\"urlTemplate\":\"https:\\\/\\\/bockholmensealodge.se\\\/de\\\/?s={search_term_string}\"},\"query-input\":{\"@type\":\"PropertyValueSpecification\",\"valueRequired\":true,\"valueName\":\"search_term_string\"}}],\"inLanguage\":\"de-DE\"}]}<\/script>\n<!-- \/ Yoast SEO plugin. -->","yoast_head_json":{"title":"Our prices at BOCKHOLMEN SEA LODGE","description":"See our rates for weekly- and weekend rent and lobster fishing. Contact us if you have any questions.","robots":{"index":"index","follow":"follow","max-snippet":"max-snippet:-1","max-image-preview":"max-image-preview:large","max-video-preview":"max-video-preview:-1"},"canonical":"https:\/\/bockholmensealodge.se\/de\/preise\/","og_locale":"de_DE","og_type":"article","og_title":"Our prices at BOCKHOLMEN SEA LODGE","og_description":"See our rates for weekly- and weekend rent and lobster fishing. Contact us if you have any questions.","og_url":"https:\/\/bockholmensealodge.se\/de\/preise\/","og_site_name":"BOCKHOLMEN SEA LODGE","article_modified_time":"2022-09-12T14:27:11+00:00","og_image":[{"url":"https:\/\/bockholmensealodge.se\/wp-content\/uploads\/2014\/07\/Framsida2.png","type":"","width":"","height":""}],"twitter_misc":{"Gesch\u00e4tzte Lesezeit":"2 minutes"},"schema":{"@context":"https:\/\/schema.org","@graph":[{"@type":"WebPage","@id":"https:\/\/bockholmensealodge.se\/de\/preise\/","url":"https:\/\/bockholmensealodge.se\/de\/preise\/","name":"Our prices at BOCKHOLMEN SEA LODGE","isPartOf":{"@id":"https:\/\/bockholmensealodge.se\/de\/#website"},"primaryImageOfPage":{"@id":"https:\/\/bockholmensealodge.se\/de\/preise\/#primaryimage"},"image":{"@id":"https:\/\/bockholmensealodge.se\/de\/preise\/#primaryimage"},"thumbnailUrl":"https:\/\/bockholmensealodge.se\/wp-content\/uploads\/2014\/07\/Framsida2.png","datePublished":"2013-12-04T11:24:49+00:00","dateModified":"2022-09-12T14:27:11+00:00","description":"See our rates for weekly- and weekend rent and lobster fishing. Contact us if you have any questions.","breadcrumb":{"@id":"https:\/\/bockholmensealodge.se\/de\/preise\/#breadcrumb"},"inLanguage":"de-DE","potentialAction":[{"@type":"ReadAction","target":["https:\/\/bockholmensealodge.se\/de\/preise\/"]}]},{"@type":"ImageObject","inLanguage":"de-DE","@id":"https:\/\/bockholmensealodge.se\/de\/preise\/#primaryimage","url":"https:\/\/bockholmensealodge.se\/wp-content\/uploads\/2014\/07\/Framsida2.png","contentUrl":"https:\/\/bockholmensealodge.se\/wp-content\/uploads\/2014\/07\/Framsida2.png"},{"@type":"BreadcrumbList","@id":"https:\/\/bockholmensealodge.se\/de\/preise\/#breadcrumb","itemListElement":[{"@type":"ListItem","position":1,"name":"Hem","item":"https:\/\/bockholmensealodge.se\/de\/"},{"@type":"ListItem","position":2,"name":"Preise"}]},{"@type":"WebSite","@id":"https:\/\/bockholmensealodge.se\/de\/#website","url":"https:\/\/bockholmensealodge.se\/de\/","name":"BOCKHOLMEN SEA LODGE","description":"","potentialAction":[{"@type":"SearchAction","target":{"@type":"EntryPoint","urlTemplate":"https:\/\/bockholmensealodge.se\/de\/?s={search_term_string}"},"query-input":{"@type":"PropertyValueSpecification","valueRequired":true,"valueName":"search_term_string"}}],"inLanguage":"de-DE"}]}},"_links":{"self":[{"href":"https:\/\/bockholmensealodge.se\/de\/wp-json\/wp\/v2\/pages\/500","targetHints":{"allow":["GET"]}}],"collection":[{"href":"https:\/\/bockholmensealodge.se\/de\/wp-json\/wp\/v2\/pages"}],"about":[{"href":"https:\/\/bockholmensealodge.se\/de\/wp-json\/wp\/v2\/types\/page"}],"author":[{"embeddable":true,"href":"https:\/\/bockholmensealodge.se\/de\/wp-json\/wp\/v2\/users\/3"}],"replies":[{"embeddable":true,"href":"https:\/\/bockholmensealodge.se\/de\/wp-json\/wp\/v2\/comments?post=500"}],"version-history":[{"count":6,"href":"https:\/\/bockholmensealodge.se\/de\/wp-json\/wp\/v2\/pages\/500\/revisions"}],"predecessor-version":[{"id":4078,"href":"https:\/\/bockholmensealodge.se\/de\/wp-json\/wp\/v2\/pages\/500\/revisions\/4078"}],"wp:attachment":[{"href":"https:\/\/bockholmensealodge.se\/de\/wp-json\/wp\/v2\/media?parent=500"}],"curies":[{"name":"wp","href":"https:\/\/api.w.org\/{rel}","templated":true}]}}